{"id":3607,"date":"2018-04-04T17:23:22","date_gmt":"2018-04-04T15:23:22","guid":{"rendered":"http:\/\/www.dessalator.abwebatelier.com\/?page_id=3607"},"modified":"2025-08-14T11:51:44","modified_gmt":"2025-08-14T09:51:44","slug":"spain","status":"publish","type":"page","link":"https:\/\/www.dessalator.fr\/en\/agents\/southern-europe\/spain\/","title":{"rendered":"Spain"},"content":{"rendered":"<div id=\"cs-content\" class=\"cs-content\"><\/div>\n","protected":false},"excerpt":{"rendered":"<p>Southern Europe Our agents in Spain Importator\/Distributor and Premium contact Dessalator Dessalator Espa\u00f1a S.L Dessalator Espa\u00f1a S.L Contact: Martin de Jong et Ver\u00f3nica Marim\u00f3n de Jong Calle Paul Gauguin, 25 03730 J\u00e0vea Alicante Espagnework Mobile: +33 6 07 34 65 11cell Mobile: +34 63 78 90 333cell Email: spain@dessalator.comINTERNET Site internet: http:\/\/www.dessalator.com Agents Echo Marine Service S.L.U. Echo Marine Service &#8230; <\/p>\n<div><a href=\"https:\/\/www.dessalator.fr\/en\/agents\/southern-europe\/spain\/\" class=\"more-link\">Read More<\/a><\/div>\n","protected":false},"author":1,"featured_media":0,"parent":3585,"menu_order":0,"comment_status":"closed","ping_status":"closed","template":"","meta":{"_cbd_carousel_blocks":"[]","_EventAllDay":false,"_EventTimezone":"","_EventStartDate":"","_EventEndDate":"","_EventStartDateUTC":"","_EventEndDateUTC":"","_EventShowMap":false,"_EventShowMapLink":false,"_EventURL":"","_EventCost":"","_EventCostDescription":"","_EventCurrencySymbol":"","_EventCurrencyCode":"","_EventCurrencyPosition":"","_EventDateTimeSeparator":"","_EventTimeRangeSeparator":"","_EventOrganizerID":[],"_EventVenueID":[],"_OrganizerEmail":"","_OrganizerPhone":"","_OrganizerWebsite":"","_VenueAddress":"","_VenueCity":"","_VenueCountry":"","_VenueProvince":"","_VenueState":"","_VenueZip":"","_VenuePhone":"","_VenueURL":"","_VenueStateProvince":"","_VenueLat":"","_VenueLng":"","_VenueShowMap":false,"_VenueShowMapLink":false,"footnotes":""},"class_list":["post-3607","page","type-page","status-publish","hentry","no-post-thumbnail"],"_links":{"self":[{"href":"https:\/\/www.dessalator.fr\/en\/wp-json\/wp\/v2\/pages\/3607","targetHints":{"allow":["GET"]}}],"collection":[{"href":"https:\/\/www.dessalator.fr\/en\/wp-json\/wp\/v2\/pages"}],"about":[{"href":"https:\/\/www.dessalator.fr\/en\/wp-json\/wp\/v2\/types\/page"}],"author":[{"embeddable":true,"href":"https:\/\/www.dessalator.fr\/en\/wp-json\/wp\/v2\/users\/1"}],"replies":[{"embeddable":true,"href":"https:\/\/www.dessalator.fr\/en\/wp-json\/wp\/v2\/comments?post=3607"}],"version-history":[{"count":15,"href":"https:\/\/www.dessalator.fr\/en\/wp-json\/wp\/v2\/pages\/3607\/revisions"}],"predecessor-version":[{"id":32273,"href":"https:\/\/www.dessalator.fr\/en\/wp-json\/wp\/v2\/pages\/3607\/revisions\/32273"}],"up":[{"embeddable":true,"href":"https:\/\/www.dessalator.fr\/en\/wp-json\/wp\/v2\/pages\/3585"}],"wp:attachment":[{"href":"https:\/\/www.dessalator.fr\/en\/wp-json\/wp\/v2\/media?parent=3607"}],"curies":[{"name":"wp","href":"https:\/\/api.w.org\/{rel}","templated":true}]}}