{"id":3515,"date":"2018-04-03T17:40:10","date_gmt":"2018-04-03T15:40:10","guid":{"rendered":"http:\/\/www.dessalator.abwebatelier.com\/?page_id=3515"},"modified":"2025-08-14T11:47:20","modified_gmt":"2025-08-14T09:47:20","slug":"central-europe","status":"publish","type":"page","link":"https:\/\/www.dessalator.fr\/en\/agents\/central-europe\/","title":{"rendered":"Central Europe"},"content":{"rendered":"<div id=\"cs-content\" class=\"cs-content\"><\/div>\n","protected":false},"excerpt":{"rendered":"<p>Central Europe Our agents in Germany Maritimus Maritimus Contact: Wilfried Zieger Alte Dorfstrasse 5 18356 Fuhlendorf Allemagnework Phone: +49(0)38231 41101work Fax: +49(0)38231 41122homefax Email: maritimus-boote@t-online.deINTERNET Site internet: http:\/\/www.maritimusboote.de Yachtausr\u00fcster Wendel &#038; Rados GmbH &#038; Co. KG Yachtausr\u00fcster Wendel &#038; Rados GmbH &#038; Co. KG Contact: Max Birkholz Salinenstra\u00dfe 22 17489 Greifswald Allemagnework Phone: +49 (0) 3834.771340work Fax: +49 (0) 3834.7713420homefax &#8230; <\/p>\n<div><a href=\"https:\/\/www.dessalator.fr\/en\/agents\/central-europe\/\" class=\"more-link\">Read More<\/a><\/div>\n","protected":false},"author":1,"featured_media":0,"parent":60,"menu_order":0,"comment_status":"closed","ping_status":"closed","template":"","meta":{"_cbd_carousel_blocks":"[]","_EventAllDay":false,"_EventTimezone":"","_EventStartDate":"","_EventEndDate":"","_EventStartDateUTC":"","_EventEndDateUTC":"","_EventShowMap":false,"_EventShowMapLink":false,"_EventURL":"","_EventCost":"","_EventCostDescription":"","_EventCurrencySymbol":"","_EventCurrencyCode":"","_EventCurrencyPosition":"","_EventDateTimeSeparator":"","_EventTimeRangeSeparator":"","_EventOrganizerID":[],"_EventVenueID":[],"_OrganizerEmail":"","_OrganizerPhone":"","_OrganizerWebsite":"","_VenueAddress":"","_VenueCity":"","_VenueCountry":"","_VenueProvince":"","_VenueState":"","_VenueZip":"","_VenuePhone":"","_VenueURL":"","_VenueStateProvince":"","_VenueLat":"","_VenueLng":"","_VenueShowMap":false,"_VenueShowMapLink":false,"footnotes":""},"class_list":["post-3515","page","type-page","status-publish","hentry","no-post-thumbnail"],"_links":{"self":[{"href":"https:\/\/www.dessalator.fr\/en\/wp-json\/wp\/v2\/pages\/3515","targetHints":{"allow":["GET"]}}],"collection":[{"href":"https:\/\/www.dessalator.fr\/en\/wp-json\/wp\/v2\/pages"}],"about":[{"href":"https:\/\/www.dessalator.fr\/en\/wp-json\/wp\/v2\/types\/page"}],"author":[{"embeddable":true,"href":"https:\/\/www.dessalator.fr\/en\/wp-json\/wp\/v2\/users\/1"}],"replies":[{"embeddable":true,"href":"https:\/\/www.dessalator.fr\/en\/wp-json\/wp\/v2\/comments?post=3515"}],"version-history":[{"count":15,"href":"https:\/\/www.dessalator.fr\/en\/wp-json\/wp\/v2\/pages\/3515\/revisions"}],"predecessor-version":[{"id":32267,"href":"https:\/\/www.dessalator.fr\/en\/wp-json\/wp\/v2\/pages\/3515\/revisions\/32267"}],"up":[{"embeddable":true,"href":"https:\/\/www.dessalator.fr\/en\/wp-json\/wp\/v2\/pages\/60"}],"wp:attachment":[{"href":"https:\/\/www.dessalator.fr\/en\/wp-json\/wp\/v2\/media?parent=3515"}],"curies":[{"name":"wp","href":"https:\/\/api.w.org\/{rel}","templated":true}]}}