{"id":3410,"date":"2018-01-29T17:40:32","date_gmt":"2018-01-29T16:40:32","guid":{"rendered":"http:\/\/www.dessalator.abwebatelier.com\/agents\/amerique-du-sud\/"},"modified":"2018-05-17T12:03:49","modified_gmt":"2018-05-17T10:03:49","slug":"south-america","status":"publish","type":"page","link":"https:\/\/www.dessalator.fr\/en\/agents\/south-america\/","title":{"rendered":"South America"},"content":{"rendered":"<div id=\"cs-content\" class=\"cs-content\"><\/div>\n","protected":false},"excerpt":{"rendered":"<p>South America Our agent in Argentine Republic No results. Our agent in Brazil PLASTIMO AMS \u2013 RMF Importa\u00e7\u00f5es e Exporta\u00e7\u00f5es Ltda PLASTIMO AMS \u2013 RMF Importa\u00e7\u00f5es e Exporta\u00e7\u00f5es Ltda Contact: Ivan Cherques Av. Reporter Nestor Moreira n\u00b042 22290-210 Rio de Janeiro BRESILwork Mobile: + 55 21 991054309 (Whatsapp)cell Mobile: + 55 21 25583820cell Email: plastimo.ams@orange.frINTERNET Our agents in Chile OCEANIC &#8230; <\/p>\n<div><a href=\"https:\/\/www.dessalator.fr\/en\/agents\/south-america\/\" class=\"more-link\">Read More<\/a><\/div>\n","protected":false},"author":1,"featured_media":0,"parent":60,"menu_order":0,"comment_status":"closed","ping_status":"closed","template":"","meta":{"_cbd_carousel_blocks":"[]","_EventAllDay":false,"_EventTimezone":"","_EventStartDate":"","_EventEndDate":"","_EventStartDateUTC":"","_EventEndDateUTC":"","_EventShowMap":false,"_EventShowMapLink":false,"_EventURL":"","_EventCost":"","_EventCostDescription":"","_EventCurrencySymbol":"","_EventCurrencyCode":"","_EventCurrencyPosition":"","_EventDateTimeSeparator":"","_EventTimeRangeSeparator":"","_EventOrganizerID":[],"_EventVenueID":[],"_OrganizerEmail":"","_OrganizerPhone":"","_OrganizerWebsite":"","_VenueAddress":"","_VenueCity":"","_VenueCountry":"","_VenueProvince":"","_VenueState":"","_VenueZip":"","_VenuePhone":"","_VenueURL":"","_VenueStateProvince":"","_VenueLat":"","_VenueLng":"","_VenueShowMap":false,"_VenueShowMapLink":false,"footnotes":""},"class_list":["post-3410","page","type-page","status-publish","hentry","no-post-thumbnail"],"_links":{"self":[{"href":"https:\/\/www.dessalator.fr\/en\/wp-json\/wp\/v2\/pages\/3410","targetHints":{"allow":["GET"]}}],"collection":[{"href":"https:\/\/www.dessalator.fr\/en\/wp-json\/wp\/v2\/pages"}],"about":[{"href":"https:\/\/www.dessalator.fr\/en\/wp-json\/wp\/v2\/types\/page"}],"author":[{"embeddable":true,"href":"https:\/\/www.dessalator.fr\/en\/wp-json\/wp\/v2\/users\/1"}],"replies":[{"embeddable":true,"href":"https:\/\/www.dessalator.fr\/en\/wp-json\/wp\/v2\/comments?post=3410"}],"version-history":[{"count":0,"href":"https:\/\/www.dessalator.fr\/en\/wp-json\/wp\/v2\/pages\/3410\/revisions"}],"up":[{"embeddable":true,"href":"https:\/\/www.dessalator.fr\/en\/wp-json\/wp\/v2\/pages\/60"}],"wp:attachment":[{"href":"https:\/\/www.dessalator.fr\/en\/wp-json\/wp\/v2\/media?parent=3410"}],"curies":[{"name":"wp","href":"https:\/\/api.w.org\/{rel}","templated":true}]}}