{"id":26372,"date":"2025-02-10T15:09:12","date_gmt":"2025-02-10T14:09:12","guid":{"rendered":"https:\/\/www.dessalator.fr\/?page_id=26372"},"modified":"2025-02-10T17:03:16","modified_gmt":"2025-02-10T16:03:16","slug":"freedom-dc-copy","status":"publish","type":"page","link":"https:\/\/www.dessalator.fr\/en\/produits\/serie-freedom-dc\/freedom-dc-copy\/","title":{"rendered":"FREEDOM DC copy"},"content":{"rendered":"\t\t<div data-elementor-type=\"wp-page\" data-elementor-id=\"26372\" class=\"elementor elementor-26372\" data-elementor-post-type=\"page\">\n\t\t\t\t<div class=\"elementor-element elementor-element-91464ff e-flex e-con-boxed e-con e-parent\" data-id=\"91464ff\" data-element_type=\"container\" data-e-type=\"container\">\n\t\t\t\t\t<div class=\"e-con-inner\">\n\t\t\t\t<div class=\"elementor-element elementor-element-96497be elementor-widget elementor-widget-heading\" data-id=\"96497be\" data-element_type=\"widget\" data-e-type=\"widget\" data-widget_type=\"heading.default\">\n\t\t\t\t<div class=\"elementor-widget-container\">\n\t\t\t\t\t<h2 class=\"elementor-heading-title elementor-size-default\">DC FREEDOM - 12 ou 24 Volts<\/h2>\t\t\t\t<\/div>\n\t\t\t\t<\/div>\n\t\t\t\t<div class=\"elementor-element elementor-element-bd6007e elementor-widget elementor-widget-heading\" data-id=\"bd6007e\" data-element_type=\"widget\" data-e-type=\"widget\" data-widget_type=\"heading.default\">\n\t\t\t\t<div class=\"elementor-widget-container\">\n\t\t\t\t\t<h3 class=\"elementor-heading-title elementor-size-default\">Production d'eau douce : 30, 60 ou 100 litres\/heure<\/h3>\t\t\t\t<\/div>\n\t\t\t\t<\/div>\n\t\t\t\t<div class=\"elementor-element elementor-element-5ea1f72 elementor-widget elementor-widget-heading\" data-id=\"5ea1f72\" data-element_type=\"widget\" data-e-type=\"widget\" data-widget_type=\"heading.default\">\n\t\t\t\t<div class=\"elementor-widget-container\">\n\t\t\t\t\t<h3 class=\"elementor-heading-title elementor-size-default\">Version modulaire avec fa\u00e7ade de commande d\u00e9port\u00e9e.\n<br>\n<br>Pour bateaux \u00e0 moteur et voilier de 10 \u00e0 15 m\u00e8tres.\n<\/h3>\t\t\t\t<\/div>\n\t\t\t\t<\/div>\n\t\t<div class=\"elementor-element elementor-element-e59263b e-grid e-con-full e-con e-child\" data-id=\"e59263b\" data-element_type=\"container\" data-e-type=\"container\">\n\t\t\t\t<div class=\"elementor-element elementor-element-b7a5346 elementor-widget elementor-widget-image\" data-id=\"b7a5346\" data-element_type=\"widget\" data-e-type=\"widget\" data-widget_type=\"image.default\">\n\t\t\t\t<div class=\"elementor-widget-container\">\n\t\t\t\t\t\t\t\t\t\t\t\t\t\t\t<img loading=\"lazy\" decoding=\"async\" width=\"500\" height=\"338\" src=\"https:\/\/www.dessalator.fr\/wp-content\/uploads\/2025\/02\/Freedom-DC-500x338.webp\" class=\"attachment-large size-large wp-image-26295\" alt=\"\" srcset=\"https:\/\/www.dessalator.fr\/wp-content\/uploads\/2025\/02\/Freedom-DC-500x338.webp 500w, https:\/\/www.dessalator.fr\/wp-content\/uploads\/2025\/02\/Freedom-DC-300x203.webp 300w, https:\/\/www.dessalator.fr\/wp-content\/uploads\/2025\/02\/Freedom-DC-768x518.webp 768w, https:\/\/www.dessalator.fr\/wp-content\/uploads\/2025\/02\/Freedom-DC-1536x1037.webp 1536w, https:\/\/www.dessalator.fr\/wp-content\/uploads\/2025\/02\/Freedom-DC-2048x1383.webp 2048w, https:\/\/www.dessalator.fr\/wp-content\/uploads\/2025\/02\/Freedom-DC-100x68.webp 100w, https:\/\/www.dessalator.fr\/wp-content\/uploads\/2025\/02\/Freedom-DC-1400x945.webp 1400w\" sizes=\"auto, (max-width: 500px) 100vw, 500px\" \/>\t\t\t\t\t\t\t\t\t\t\t\t\t\t\t<\/div>\n\t\t\t\t<\/div>\n\t\t\t\t<div class=\"elementor-element elementor-element-254bc3a elementor-widget elementor-widget-image\" data-id=\"254bc3a\" data-element_type=\"widget\" data-e-type=\"widget\" data-widget_type=\"image.default\">\n\t\t\t\t<div class=\"elementor-widget-container\">\n\t\t\t\t\t\t\t\t\t\t\t\t\t\t\t<img loading=\"lazy\" decoding=\"async\" width=\"500\" height=\"395\" src=\"https:\/\/www.dessalator.fr\/wp-content\/uploads\/2025\/02\/FREEDOM-dessus-500x395.webp\" class=\"attachment-large size-large wp-image-26379\" alt=\"\" srcset=\"https:\/\/www.dessalator.fr\/wp-content\/uploads\/2025\/02\/FREEDOM-dessus-500x395.webp 500w, https:\/\/www.dessalator.fr\/wp-content\/uploads\/2025\/02\/FREEDOM-dessus-300x237.webp 300w, https:\/\/www.dessalator.fr\/wp-content\/uploads\/2025\/02\/FREEDOM-dessus-768x607.webp 768w, https:\/\/www.dessalator.fr\/wp-content\/uploads\/2025\/02\/FREEDOM-dessus-1536x1213.webp 1536w, https:\/\/www.dessalator.fr\/wp-content\/uploads\/2025\/02\/FREEDOM-dessus-2048x1617.webp 2048w, https:\/\/www.dessalator.fr\/wp-content\/uploads\/2025\/02\/FREEDOM-dessus-100x79.webp 100w, https:\/\/www.dessalator.fr\/wp-content\/uploads\/2025\/02\/FREEDOM-dessus-1400x1106.webp 1400w\" sizes=\"auto, (max-width: 500px) 100vw, 500px\" \/>\t\t\t\t\t\t\t\t\t\t\t\t\t\t\t<\/div>\n\t\t\t\t<\/div>\n\t\t\t\t<\/div>\n\t\t\t\t<div class=\"elementor-element elementor-element-038d760 elementor-widget elementor-widget-text-editor\" data-id=\"038d760\" data-element_type=\"widget\" data-e-type=\"widget\" data-widget_type=\"text-editor.default\">\n\t\t\t\t<div class=\"elementor-widget-container\">\n\t\t\t\t\t\t\t\t\t<p>C\u2019est le dessalinisateur ide\u0301al pour les bateaux dont la seule source d\u2019e\u0301nergie disponible vient de l\u2019alternateur entrai\u0302ne\u0301 par le moteur principal. <br \/>C\u2019est aussi une solution ide\u0301ale pour les bateaux qui ont un ge\u0301ne\u0301rateur de faible puissance.<\/p><p>De par sa petite taille et sa conception modulaire, le dessalinisateur peut s\u2019inte\u0301grer facilement sans gaspiller un espace pre\u0301cieux a\u0300 bord.<\/p><p><strong>Les avantages de ce produit sont : <\/strong><\/p><ul><li>Disponible en 12 ou 24 Volts Machine modulaire tre\u0300s compacte<\/li><li>Convient a\u0300 de petits espaces &#8211; plus besoin de\u00a0perdre un rangement pre\u0301cieux<\/li><li>Production e\u0301leve\u0301e : 30, 60 ou 100 litres\/heure<\/li><li>Rinc\u0327age automatique inte\u0301gre\u0301<\/li><li>Facile a\u0300 utiliser, facile d\u2019entretien<\/li><li>Composants robustes offrant solidite\u0301 et fiabilite\u0301<\/li><li>Option : mini-commande ou micro-commande<\/li><\/ul>\t\t\t\t\t\t\t\t<\/div>\n\t\t\t\t<\/div>\n\t\t<div class=\"elementor-element elementor-element-0493d1d e-grid e-con-full e-con e-child\" data-id=\"0493d1d\" data-element_type=\"container\" data-e-type=\"container\">\n\t\t\t\t<div class=\"elementor-element elementor-element-a71d9e7 elementor-widget elementor-widget-image\" data-id=\"a71d9e7\" data-element_type=\"widget\" data-e-type=\"widget\" data-widget_type=\"image.default\">\n\t\t\t\t<div class=\"elementor-widget-container\">\n\t\t\t\t\t\t\t\t\t\t\t\t\t\t\t<img loading=\"lazy\" decoding=\"async\" width=\"2560\" height=\"2400\" src=\"https:\/\/www.dessalator.fr\/wp-content\/uploads\/2025\/02\/FREEDOM-60-complet-dimensions-Dessalator-dessalinisateur-Watermaker-scaled.webp\" class=\"attachment-full size-full wp-image-26385\" alt=\"\" \/>\t\t\t\t\t\t\t\t\t\t\t\t\t\t\t<\/div>\n\t\t\t\t<\/div>\n\t\t\t\t<div class=\"elementor-element elementor-element-0aec759 elementor-widget elementor-widget-image\" data-id=\"0aec759\" data-element_type=\"widget\" data-e-type=\"widget\" data-widget_type=\"image.default\">\n\t\t\t\t<div class=\"elementor-widget-container\">\n\t\t\t\t\t\t\t\t\t\t\t\t\t\t\t<img loading=\"lazy\" decoding=\"async\" width=\"2560\" height=\"2400\" src=\"https:\/\/www.dessalator.fr\/wp-content\/uploads\/2025\/02\/FREEDOM-100-complet-dimensions-Dessalator-dessalinisateur-Watermaker-scaled.webp\" class=\"attachment-full size-full wp-image-26387\" alt=\"\" \/>\t\t\t\t\t\t\t\t\t\t\t\t\t\t\t<\/div>\n\t\t\t\t<\/div>\n\t\t\t\t<\/div>\n\t\t\t\t<div class=\"elementor-element elementor-element-3f46bf7 elementor-widget elementor-widget-text-editor\" data-id=\"3f46bf7\" data-element_type=\"widget\" data-e-type=\"widget\" data-widget_type=\"text-editor.default\">\n\t\t\t\t<div class=\"elementor-widget-container\">\n\t\t\t\t\t\t\t\t\t<h6><span style=\"color: #000000;\"><strong>LES PRODUITS DESSALATOR SONT LIVR\u00c9S COMPLETS, \u00a0LE MAT\u00c9RIEL CONFORME AUX NORMES CEE EN VIGUEUR:<\/strong><\/span><\/h6><ul><li>La cr\u00e9pine et la vanne de coque<\/li><li>L&#8217;\u00e9lectrovanne de rin\u00e7age automatis\u00e9e<\/li><li>Le pr\u00e9 filtre pour particules solides 5 microns et sa cl\u00e9 de montage, \u00e9quip\u00e9 d&#8217;une vanne 3 voies de rin\u00e7age manuel<\/li><li>Disjoncteur ou porte fusible selon mod\u00e8le.<\/li><li>Tuyauterie haute pression : 2 tubes et 4 raccords sp\u00e9ciaux DESSALATOR<sup>\u00ae<\/sup>.<\/li><li>Tuyauterie de production d&#8217;eau douce membranes\/fa\u00e7ade de commande.<\/li><\/ul>\t\t\t\t\t\t\t\t<\/div>\n\t\t\t\t<\/div>\n\t\t\t\t<div class=\"elementor-element elementor-element-eb651b7 elementor-widget elementor-widget-image\" data-id=\"eb651b7\" data-element_type=\"widget\" data-e-type=\"widget\" data-widget_type=\"image.default\">\n\t\t\t\t<div class=\"elementor-widget-container\">\n\t\t\t\t\t\t\t\t\t\t\t\t\t\t\t<img loading=\"lazy\" decoding=\"async\" width=\"2560\" height=\"783\" src=\"https:\/\/www.dessalator.fr\/wp-content\/uploads\/2025\/02\/Caracteristiques-FREEDOM-DC-FR-scaled.webp\" class=\"attachment-full size-full wp-image-26410\" alt=\"\" srcset=\"https:\/\/www.dessalator.fr\/wp-content\/uploads\/2025\/02\/Caracteristiques-FREEDOM-DC-FR-scaled.webp 2560w, https:\/\/www.dessalator.fr\/wp-content\/uploads\/2025\/02\/Caracteristiques-FREEDOM-DC-FR-300x92.webp 300w, https:\/\/www.dessalator.fr\/wp-content\/uploads\/2025\/02\/Caracteristiques-FREEDOM-DC-FR-500x153.webp 500w, https:\/\/www.dessalator.fr\/wp-content\/uploads\/2025\/02\/Caracteristiques-FREEDOM-DC-FR-768x235.webp 768w, https:\/\/www.dessalator.fr\/wp-content\/uploads\/2025\/02\/Caracteristiques-FREEDOM-DC-FR-1536x470.webp 1536w, https:\/\/www.dessalator.fr\/wp-content\/uploads\/2025\/02\/Caracteristiques-FREEDOM-DC-FR-2048x627.webp 2048w, https:\/\/www.dessalator.fr\/wp-content\/uploads\/2025\/02\/Caracteristiques-FREEDOM-DC-FR-100x31.webp 100w, https:\/\/www.dessalator.fr\/wp-content\/uploads\/2025\/02\/Caracteristiques-FREEDOM-DC-FR-1400x428.webp 1400w\" sizes=\"auto, (max-width: 2560px) 100vw, 2560px\" \/>\t\t\t\t\t\t\t\t\t\t\t\t\t\t\t<\/div>\n\t\t\t\t<\/div>\n\t\t\t\t\t<\/div>\n\t\t\t\t<\/div>\n\t\t<div class=\"elementor-element elementor-element-de8e202 e-flex e-con-boxed e-con e-parent\" data-id=\"de8e202\" data-element_type=\"container\" data-e-type=\"container\">\n\t\t\t\t\t<div class=\"e-con-inner\">\n\t\t\t\t<div class=\"elementor-element elementor-element-1a38f79 elementor-widget elementor-widget-heading\" data-id=\"1a38f79\" data-element_type=\"widget\" data-e-type=\"widget\" data-widget_type=\"heading.default\">\n\t\t\t\t<div class=\"elementor-widget-container\">\n\t\t\t\t\t<h2 class=\"elementor-heading-title elementor-size-default\">Sch\u00e9ma de principe Freedom D60<\/h2>\t\t\t\t<\/div>\n\t\t\t\t<\/div>\n\t\t\t\t<div class=\"elementor-element elementor-element-9efb498 elementor-widget elementor-widget-image\" data-id=\"9efb498\" data-element_type=\"widget\" data-e-type=\"widget\" data-widget_type=\"image.default\">\n\t\t\t\t<div class=\"elementor-widget-container\">\n\t\t\t\t\t\t\t\t\t\t\t\t\t\t\t<img loading=\"lazy\" decoding=\"async\" width=\"2560\" height=\"1707\" src=\"https:\/\/www.dessalator.fr\/wp-content\/uploads\/2025\/02\/Freedom-D60-Dessalator-dessalinisateur-Watermaker-FR-scaled.webp\" class=\"attachment-full size-full wp-image-26402\" alt=\"\" \/>\t\t\t\t\t\t\t\t\t\t\t\t\t\t\t<\/div>\n\t\t\t\t<\/div>\n\t\t\t\t<div class=\"elementor-element elementor-element-25f9c3f elementor-widget elementor-widget-heading\" data-id=\"25f9c3f\" data-element_type=\"widget\" data-e-type=\"widget\" data-widget_type=\"heading.default\">\n\t\t\t\t<div class=\"elementor-widget-container\">\n\t\t\t\t\t<h2 class=\"elementor-heading-title elementor-size-default\">Sch\u00e9ma de principe Freedom D100<\/h2>\t\t\t\t<\/div>\n\t\t\t\t<\/div>\n\t\t\t\t<div class=\"elementor-element elementor-element-67b1f18 elementor-widget elementor-widget-image\" data-id=\"67b1f18\" data-element_type=\"widget\" data-e-type=\"widget\" data-widget_type=\"image.default\">\n\t\t\t\t<div class=\"elementor-widget-container\">\n\t\t\t\t\t\t\t\t\t\t\t\t\t\t\t<img loading=\"lazy\" decoding=\"async\" width=\"2560\" height=\"1707\" src=\"https:\/\/www.dessalator.fr\/wp-content\/uploads\/2025\/02\/Freedom-D100-Dessalator-dessalinisateur-Watermaker-FR-scaled.webp\" class=\"attachment-full size-full wp-image-26404\" alt=\"\" \/>\t\t\t\t\t\t\t\t\t\t\t\t\t\t\t<\/div>\n\t\t\t\t<\/div>\n\t\t\t\t\t<\/div>\n\t\t\t\t<\/div>\n\t\t\t\t<\/div>\n\t\t","protected":false},"excerpt":{"rendered":"<p>DC FREEDOM &#8211; 12 ou 24 Volts Production d&#8217;eau douce : 30, 60 ou 100 litres\/heure Version modulaire avec fa\u00e7ade de commande d\u00e9port\u00e9e. Pour bateaux \u00e0 moteur et voilier de 10 \u00e0 15 m\u00e8tres. C\u2019est le dessalinisateur ide\u0301al pour les bateaux dont la seule source d\u2019e\u0301nergie disponible vient de l\u2019alternateur entrai\u0302ne\u0301 par le moteur principal. C\u2019est aussi une solution ide\u0301ale &#8230; <\/p>\n<div><a href=\"https:\/\/www.dessalator.fr\/en\/produits\/serie-freedom-dc\/freedom-dc-copy\/\" class=\"more-link\">Read More<\/a><\/div>\n","protected":false},"author":7,"featured_media":0,"parent":11679,"menu_order":0,"comment_status":"closed","ping_status":"closed","template":"","meta":{"_cbd_carousel_blocks":"[]","_EventAllDay":false,"_EventTimezone":"","_EventStartDate":"","_EventEndDate":"","_EventStartDateUTC":"","_EventEndDateUTC":"","_EventShowMap":false,"_EventShowMapLink":false,"_EventURL":"","_EventCost":"","_EventCostDescription":"","_EventCurrencySymbol":"","_EventCurrencyCode":"","_EventCurrencyPosition":"","_EventDateTimeSeparator":"","_EventTimeRangeSeparator":"","_EventOrganizerID":[],"_EventVenueID":[],"_OrganizerEmail":"","_OrganizerPhone":"","_OrganizerWebsite":"","_VenueAddress":"","_VenueCity":"","_VenueCountry":"","_VenueProvince":"","_VenueState":"","_VenueZip":"","_VenuePhone":"","_VenueURL":"","_VenueStateProvince":"","_VenueLat":"","_VenueLng":"","_VenueShowMap":false,"_VenueShowMapLink":false,"footnotes":""},"class_list":["post-26372","page","type-page","status-publish","hentry","no-post-thumbnail"],"_links":{"self":[{"href":"https:\/\/www.dessalator.fr\/en\/wp-json\/wp\/v2\/pages\/26372","targetHints":{"allow":["GET"]}}],"collection":[{"href":"https:\/\/www.dessalator.fr\/en\/wp-json\/wp\/v2\/pages"}],"about":[{"href":"https:\/\/www.dessalator.fr\/en\/wp-json\/wp\/v2\/types\/page"}],"author":[{"embeddable":true,"href":"https:\/\/www.dessalator.fr\/en\/wp-json\/wp\/v2\/users\/7"}],"replies":[{"embeddable":true,"href":"https:\/\/www.dessalator.fr\/en\/wp-json\/wp\/v2\/comments?post=26372"}],"version-history":[{"count":28,"href":"https:\/\/www.dessalator.fr\/en\/wp-json\/wp\/v2\/pages\/26372\/revisions"}],"predecessor-version":[{"id":26419,"href":"https:\/\/www.dessalator.fr\/en\/wp-json\/wp\/v2\/pages\/26372\/revisions\/26419"}],"up":[{"embeddable":true,"href":"https:\/\/www.dessalator.fr\/en\/wp-json\/wp\/v2\/pages\/11679"}],"wp:attachment":[{"href":"https:\/\/www.dessalator.fr\/en\/wp-json\/wp\/v2\/media?parent=26372"}],"curies":[{"name":"wp","href":"https:\/\/api.w.org\/{rel}","templated":true}]}}