{"id":20861,"date":"2024-02-07T11:40:00","date_gmt":"2024-02-07T10:40:00","guid":{"rendered":"https:\/\/www.dessalator.fr\/bresil-anglais\/"},"modified":"2024-02-07T11:41:40","modified_gmt":"2024-02-07T10:41:40","slug":"bresil-2","status":"publish","type":"page","link":"https:\/\/www.dessalator.fr\/en\/bresil-2\/","title":{"rendered":"Brazil"},"content":{"rendered":"<div id=\"cs-content\" class=\"cs-content\"><\/div>\n","protected":false},"excerpt":{"rendered":"<p>Our agent in Brazil PLASTIMO AMS \u2013 RMF Importa\u00e7\u00f5es e Exporta\u00e7\u00f5es Ltda PLASTIMO AMS \u2013 RMF Importa\u00e7\u00f5es e Exporta\u00e7\u00f5es Ltda Contact: Ivan Cherques Av. Reporter Nestor Moreira n\u00b042 22290-210 Rio de Janeiro BRESILwork Mobile: + 55 21 991054309 (Whatsapp)cell Mobile: + 55 21 25583820cell Email: plastimo.ams@orange.frINTERNET You can download the list of our agents in South America as PDF-File.<\/p>\n","protected":false},"author":7,"featured_media":0,"parent":0,"menu_order":0,"comment_status":"closed","ping_status":"closed","template":"","meta":{"_cbd_carousel_blocks":"[]","_EventAllDay":false,"_EventTimezone":"","_EventStartDate":"","_EventEndDate":"","_EventStartDateUTC":"","_EventEndDateUTC":"","_EventShowMap":false,"_EventShowMapLink":false,"_EventURL":"","_EventCost":"","_EventCostDescription":"","_EventCurrencySymbol":"","_EventCurrencyCode":"","_EventCurrencyPosition":"","_EventDateTimeSeparator":"","_EventTimeRangeSeparator":"","_EventOrganizerID":[],"_EventVenueID":[],"_OrganizerEmail":"","_OrganizerPhone":"","_OrganizerWebsite":"","_VenueAddress":"","_VenueCity":"","_VenueCountry":"","_VenueProvince":"","_VenueState":"","_VenueZip":"","_VenuePhone":"","_VenueURL":"","_VenueStateProvince":"","_VenueLat":"","_VenueLng":"","_VenueShowMap":false,"_VenueShowMapLink":false,"footnotes":""},"class_list":["post-20861","page","type-page","status-publish","hentry","no-post-thumbnail"],"_links":{"self":[{"href":"https:\/\/www.dessalator.fr\/en\/wp-json\/wp\/v2\/pages\/20861","targetHints":{"allow":["GET"]}}],"collection":[{"href":"https:\/\/www.dessalator.fr\/en\/wp-json\/wp\/v2\/pages"}],"about":[{"href":"https:\/\/www.dessalator.fr\/en\/wp-json\/wp\/v2\/types\/page"}],"author":[{"embeddable":true,"href":"https:\/\/www.dessalator.fr\/en\/wp-json\/wp\/v2\/users\/7"}],"replies":[{"embeddable":true,"href":"https:\/\/www.dessalator.fr\/en\/wp-json\/wp\/v2\/comments?post=20861"}],"version-history":[{"count":0,"href":"https:\/\/www.dessalator.fr\/en\/wp-json\/wp\/v2\/pages\/20861\/revisions"}],"wp:attachment":[{"href":"https:\/\/www.dessalator.fr\/en\/wp-json\/wp\/v2\/media?parent=20861"}],"curies":[{"name":"wp","href":"https:\/\/api.w.org\/{rel}","templated":true}]}}