{"id":1202,"date":"2018-02-12T17:16:36","date_gmt":"2018-02-12T16:16:36","guid":{"rendered":"http:\/\/www.dessalator.abwebatelier.com\/products\/dc-freedom-watermakers\/"},"modified":"2025-06-11T12:23:32","modified_gmt":"2025-06-11T10:23:32","slug":"dc-freedom-watermakers","status":"publish","type":"page","link":"https:\/\/www.dessalator.fr\/en\/products\/dc-freedom-watermakers\/","title":{"rendered":"DC FREEDOM Watermakers"},"content":{"rendered":"\t\t<div data-elementor-type=\"wp-page\" data-elementor-id=\"1202\" class=\"elementor elementor-1202 elementor-153\" data-elementor-post-type=\"page\">\n\t\t\t\t<div class=\"elementor-element elementor-element-5089e06c e-flex e-con-boxed e-con e-parent\" data-id=\"5089e06c\" data-element_type=\"container\" data-e-type=\"container\">\n\t\t\t\t\t<div class=\"e-con-inner\">\n\t\t\t\t<div class=\"elementor-element elementor-element-399ff1ae elementor-widget elementor-widget-heading\" data-id=\"399ff1ae\" data-element_type=\"widget\" data-e-type=\"widget\" data-widget_type=\"heading.default\">\n\t\t\t\t<div class=\"elementor-widget-container\">\n\t\t\t\t\t<h2 class=\"elementor-heading-title elementor-size-default\">DC FREEDOM&nbsp;<div>12 or 24 Volts<\/div><\/h2>\t\t\t\t<\/div>\n\t\t\t\t<\/div>\n\t\t\t\t<div class=\"elementor-element elementor-element-6090c89c elementor-widget elementor-widget-heading\" data-id=\"6090c89c\" data-element_type=\"widget\" data-e-type=\"widget\" data-widget_type=\"heading.default\">\n\t\t\t\t<div class=\"elementor-widget-container\">\n\t\t\t\t\t<h3 class=\"elementor-heading-title elementor-size-default\">Fresh water production up to : 30, 60 or 100 liters\/hour<\/h3>\t\t\t\t<\/div>\n\t\t\t\t<\/div>\n\t\t\t\t<div class=\"elementor-element elementor-element-6d014d0a elementor-widget elementor-widget-heading\" data-id=\"6d014d0a\" data-element_type=\"widget\" data-e-type=\"widget\" data-widget_type=\"heading.default\">\n\t\t\t\t<div class=\"elementor-widget-container\">\n\t\t\t\t\t<h3 class=\"elementor-heading-title elementor-size-default\">Modular version with remote control panel<br>\n<br>For motorboats and sailboats from 10 to 15 meters.<\/h3>\t\t\t\t<\/div>\n\t\t\t\t<\/div>\n\t\t<div class=\"elementor-element elementor-element-1dac6e8a e-grid e-con-full e-con e-child\" data-id=\"1dac6e8a\" data-element_type=\"container\" data-e-type=\"container\">\n\t\t\t\t<div class=\"elementor-element elementor-element-6b367234 elementor-widget elementor-widget-image\" data-id=\"6b367234\" data-element_type=\"widget\" data-e-type=\"widget\" data-widget_type=\"image.default\">\n\t\t\t\t<div class=\"elementor-widget-container\">\n\t\t\t\t\t\t\t\t\t\t\t\t\t\t\t\t<a href=\"https:\/\/www.dessalator.fr\/wp-content\/uploads\/2025\/02\/Freedom-DC-Dessalator-dessalinisateur-Watermaker-scaled.webp\" data-elementor-open-lightbox=\"yes\" data-elementor-lightbox-title=\"Freedom DC Dessalator dessalinisateur Watermaker\" data-e-action-hash=\"#elementor-action%3Aaction%3Dlightbox%26settings%3DeyJpZCI6Mjg0NTUsInVybCI6Imh0dHBzOlwvXC93d3cuZGVzc2FsYXRvci5mclwvd3AtY29udGVudFwvdXBsb2Fkc1wvMjAyNVwvMDJcL0ZyZWVkb20tREMtRGVzc2FsYXRvci1kZXNzYWxpbmlzYXRldXItV2F0ZXJtYWtlci1zY2FsZWQud2VicCJ9\">\n\t\t\t\t\t\t\t<img loading=\"lazy\" decoding=\"async\" width=\"500\" height=\"338\" src=\"https:\/\/www.dessalator.fr\/wp-content\/uploads\/2025\/02\/Freedom-DC-Dessalator-dessalinisateur-Watermaker-500x338.webp\" class=\"attachment-large size-large wp-image-28455\" alt=\"\" srcset=\"https:\/\/www.dessalator.fr\/wp-content\/uploads\/2025\/02\/Freedom-DC-Dessalator-dessalinisateur-Watermaker-500x338.webp 500w, https:\/\/www.dessalator.fr\/wp-content\/uploads\/2025\/02\/Freedom-DC-Dessalator-dessalinisateur-Watermaker-300x203.webp 300w, https:\/\/www.dessalator.fr\/wp-content\/uploads\/2025\/02\/Freedom-DC-Dessalator-dessalinisateur-Watermaker-768x518.webp 768w, https:\/\/www.dessalator.fr\/wp-content\/uploads\/2025\/02\/Freedom-DC-Dessalator-dessalinisateur-Watermaker-1536x1037.webp 1536w, https:\/\/www.dessalator.fr\/wp-content\/uploads\/2025\/02\/Freedom-DC-Dessalator-dessalinisateur-Watermaker-2048x1383.webp 2048w, https:\/\/www.dessalator.fr\/wp-content\/uploads\/2025\/02\/Freedom-DC-Dessalator-dessalinisateur-Watermaker-100x68.webp 100w, https:\/\/www.dessalator.fr\/wp-content\/uploads\/2025\/02\/Freedom-DC-Dessalator-dessalinisateur-Watermaker-1140x770.webp 1140w\" sizes=\"auto, (max-width: 500px) 100vw, 500px\" \/>\t\t\t\t\t\t\t\t<\/a>\n\t\t\t\t\t\t\t\t\t\t\t\t\t\t\t<\/div>\n\t\t\t\t<\/div>\n\t\t\t\t<div class=\"elementor-element elementor-element-4559b629 elementor-widget elementor-widget-image\" data-id=\"4559b629\" data-element_type=\"widget\" data-e-type=\"widget\" data-widget_type=\"image.default\">\n\t\t\t\t<div class=\"elementor-widget-container\">\n\t\t\t\t\t\t\t\t\t\t\t\t\t\t\t\t<a href=\"https:\/\/www.dessalator.fr\/wp-content\/uploads\/2025\/02\/FREEDOM-DC-dessus-Dessalator-dessalinisateur-Watermaker-scaled.webp\" data-elementor-open-lightbox=\"yes\" data-elementor-lightbox-title=\"FREEDOM DC dessus Dessalator dessalinisateur Watermaker\" data-e-action-hash=\"#elementor-action%3Aaction%3Dlightbox%26settings%3DeyJpZCI6Mjg0NTcsInVybCI6Imh0dHBzOlwvXC93d3cuZGVzc2FsYXRvci5mclwvd3AtY29udGVudFwvdXBsb2Fkc1wvMjAyNVwvMDJcL0ZSRUVET00tREMtZGVzc3VzLURlc3NhbGF0b3ItZGVzc2FsaW5pc2F0ZXVyLVdhdGVybWFrZXItc2NhbGVkLndlYnAifQ%3D%3D\">\n\t\t\t\t\t\t\t<img loading=\"lazy\" decoding=\"async\" width=\"500\" height=\"395\" src=\"https:\/\/www.dessalator.fr\/wp-content\/uploads\/2025\/02\/FREEDOM-DC-dessus-Dessalator-dessalinisateur-Watermaker-500x395.webp\" class=\"attachment-large size-large wp-image-28457\" alt=\"\" srcset=\"https:\/\/www.dessalator.fr\/wp-content\/uploads\/2025\/02\/FREEDOM-DC-dessus-Dessalator-dessalinisateur-Watermaker-500x395.webp 500w, https:\/\/www.dessalator.fr\/wp-content\/uploads\/2025\/02\/FREEDOM-DC-dessus-Dessalator-dessalinisateur-Watermaker-300x237.webp 300w, https:\/\/www.dessalator.fr\/wp-content\/uploads\/2025\/02\/FREEDOM-DC-dessus-Dessalator-dessalinisateur-Watermaker-768x607.webp 768w, https:\/\/www.dessalator.fr\/wp-content\/uploads\/2025\/02\/FREEDOM-DC-dessus-Dessalator-dessalinisateur-Watermaker-1536x1213.webp 1536w, https:\/\/www.dessalator.fr\/wp-content\/uploads\/2025\/02\/FREEDOM-DC-dessus-Dessalator-dessalinisateur-Watermaker-2048x1617.webp 2048w, https:\/\/www.dessalator.fr\/wp-content\/uploads\/2025\/02\/FREEDOM-DC-dessus-Dessalator-dessalinisateur-Watermaker-100x79.webp 100w, https:\/\/www.dessalator.fr\/wp-content\/uploads\/2025\/02\/FREEDOM-DC-dessus-Dessalator-dessalinisateur-Watermaker-1140x900.webp 1140w\" sizes=\"auto, (max-width: 500px) 100vw, 500px\" \/>\t\t\t\t\t\t\t\t<\/a>\n\t\t\t\t\t\t\t\t\t\t\t\t\t\t\t<\/div>\n\t\t\t\t<\/div>\n\t\t\t\t<\/div>\n\t\t\t\t<div class=\"elementor-element elementor-element-a3a7f88 elementor-widget elementor-widget-text-editor\" data-id=\"a3a7f88\" data-element_type=\"widget\" data-e-type=\"widget\" data-widget_type=\"text-editor.default\">\n\t\t\t\t<div class=\"elementor-widget-container\">\n\t\t\t\t\t\t\t\t\t<p>It is the ideal watermaker for boats whose only available source of energy comes from the alternator driven by the main engine. <br \/>It is also an ideal solution for boats that have a low power generator.<\/p><p>Due to its small size and modular design, the watermaker can be easily integrated without wasting valuable space on board.<\/p><p><strong>The advantages of this product are:<\/strong><\/p><ul><li>Available in 12 or 24 Volts Very compact modular machine<\/li><li>Fits in small spaces &#8211; no more wasting valuable storage<\/li><li>High production up to : 30, 60 or 100 litres\/hour<\/li><li>Integrated automatic rinsing<\/li><li>Easy to use, easy to maintain<\/li><li>Robust components offering strength and reliability<\/li><\/ul><p class=\"p1\"><em>\u00a0 \u00a0Optional : Micro remote control and automatic regulation<\/em><\/p>\t\t\t\t\t\t\t\t<\/div>\n\t\t\t\t<\/div>\n\t\t<div class=\"elementor-element elementor-element-be00c57 e-grid e-con-full e-con e-child\" data-id=\"be00c57\" data-element_type=\"container\" data-e-type=\"container\">\n\t\t\t\t<div class=\"elementor-element elementor-element-397e2a08 elementor-widget elementor-widget-image\" data-id=\"397e2a08\" data-element_type=\"widget\" data-e-type=\"widget\" data-widget_type=\"image.default\">\n\t\t\t\t<div class=\"elementor-widget-container\">\n\t\t\t\t\t\t\t\t\t\t\t\t\t\t\t\t<a href=\"https:\/\/www.dessalator.fr\/wp-content\/uploads\/2025\/02\/FREEDOM-60-complet-dimensions-Dessalator-dessalinisateur-Watermaker-scaled.webp\" data-elementor-open-lightbox=\"yes\" data-elementor-lightbox-title=\"FREEDOM 60 complet dimensions\" data-e-action-hash=\"#elementor-action%3Aaction%3Dlightbox%26settings%3DeyJpZCI6MjYzODUsInVybCI6Imh0dHBzOlwvXC93d3cuZGVzc2FsYXRvci5mclwvd3AtY29udGVudFwvdXBsb2Fkc1wvMjAyNVwvMDJcL0ZSRUVET00tNjAtY29tcGxldC1kaW1lbnNpb25zLURlc3NhbGF0b3ItZGVzc2FsaW5pc2F0ZXVyLVdhdGVybWFrZXItc2NhbGVkLndlYnAifQ%3D%3D\">\n\t\t\t\t\t\t\t<img loading=\"lazy\" decoding=\"async\" width=\"2560\" height=\"2400\" src=\"https:\/\/www.dessalator.fr\/wp-content\/uploads\/2025\/02\/FREEDOM-60-complet-dimensions-Dessalator-dessalinisateur-Watermaker-scaled.webp\" class=\"attachment-full size-full wp-image-26385\" alt=\"\" \/>\t\t\t\t\t\t\t\t<\/a>\n\t\t\t\t\t\t\t\t\t\t\t\t\t\t\t<\/div>\n\t\t\t\t<\/div>\n\t\t\t\t<div class=\"elementor-element elementor-element-47ad8b8c elementor-widget elementor-widget-image\" data-id=\"47ad8b8c\" data-element_type=\"widget\" data-e-type=\"widget\" data-widget_type=\"image.default\">\n\t\t\t\t<div class=\"elementor-widget-container\">\n\t\t\t\t\t\t\t\t\t\t\t\t\t\t\t\t<a href=\"https:\/\/www.dessalator.fr\/wp-content\/uploads\/2025\/02\/FREEDOM-100-complet-dimensions-Dessalator-dessalinisateur-Watermaker-scaled.webp\" data-elementor-open-lightbox=\"yes\" data-elementor-lightbox-title=\"FREEDOM 100 complet dimensions\" data-e-action-hash=\"#elementor-action%3Aaction%3Dlightbox%26settings%3DeyJpZCI6MjYzODcsInVybCI6Imh0dHBzOlwvXC93d3cuZGVzc2FsYXRvci5mclwvd3AtY29udGVudFwvdXBsb2Fkc1wvMjAyNVwvMDJcL0ZSRUVET00tMTAwLWNvbXBsZXQtZGltZW5zaW9ucy1EZXNzYWxhdG9yLWRlc3NhbGluaXNhdGV1ci1XYXRlcm1ha2VyLXNjYWxlZC53ZWJwIn0%3D\">\n\t\t\t\t\t\t\t<img loading=\"lazy\" decoding=\"async\" width=\"2560\" height=\"2400\" src=\"https:\/\/www.dessalator.fr\/wp-content\/uploads\/2025\/02\/FREEDOM-100-complet-dimensions-Dessalator-dessalinisateur-Watermaker-scaled.webp\" class=\"attachment-full size-full wp-image-26387\" alt=\"\" \/>\t\t\t\t\t\t\t\t<\/a>\n\t\t\t\t\t\t\t\t\t\t\t\t\t\t\t<\/div>\n\t\t\t\t<\/div>\n\t\t\t\t<\/div>\n\t\t\t\t<div class=\"elementor-element elementor-element-11016ead elementor-widget elementor-widget-text-editor\" data-id=\"11016ead\" data-element_type=\"widget\" data-e-type=\"widget\" data-widget_type=\"text-editor.default\">\n\t\t\t\t<div class=\"elementor-widget-container\">\n\t\t\t\t\t\t\t\t\t<p style=\"font-weight: 400;\">DESSALATOR products are delivered complete, equipment conforms to effective eec standards:<\/p><ul><li>The strainer and the hull valve<\/li><li>The automated rinsing solenoid valve<\/li><li>The pre-filter for 5 micron solid particles and its assembly key, equipped with a 3-way manual rinsing valve<\/li><li>Circuit breaker or fuse holder depending on model.<\/li><li>High pressure piping: 2 tubes and 4 special DESSALATOR\u00ae fittings.<\/li><li>Freshwater production piping membranes\/control panel.<\/li><\/ul>\t\t\t\t\t\t\t\t<\/div>\n\t\t\t\t<\/div>\n\t\t\t\t<div class=\"elementor-element elementor-element-6deb7df elementor-widget elementor-widget-heading\" data-id=\"6deb7df\" data-element_type=\"widget\" data-e-type=\"widget\" data-widget_type=\"heading.default\">\n\t\t\t\t<div class=\"elementor-widget-container\">\n\t\t\t\t\t<h2 class=\"elementor-heading-title elementor-size-default\">Installation diagram DC FREEDOM D60<\/h2>\t\t\t\t<\/div>\n\t\t\t\t<\/div>\n\t\t\t\t<div class=\"elementor-element elementor-element-4d9be88 elementor-widget elementor-widget-image\" data-id=\"4d9be88\" data-element_type=\"widget\" data-e-type=\"widget\" data-widget_type=\"image.default\">\n\t\t\t\t<div class=\"elementor-widget-container\">\n\t\t\t\t\t\t\t\t\t\t\t\t\t\t\t\t<a href=\"https:\/\/www.dessalator.fr\/wp-content\/uploads\/2025\/02\/Freedom-D60-Dessalator-dessalinisateur-Watermaker-EN-1.webp\" data-elementor-open-lightbox=\"yes\" data-elementor-lightbox-title=\"Freedom D60 Dessalator dessalinisateur Watermaker EN\" data-e-action-hash=\"#elementor-action%3Aaction%3Dlightbox%26settings%3DeyJpZCI6Mjg1MTcsInVybCI6Imh0dHBzOlwvXC93d3cuZGVzc2FsYXRvci5mclwvd3AtY29udGVudFwvdXBsb2Fkc1wvMjAyNVwvMDJcL0ZyZWVkb20tRDYwLURlc3NhbGF0b3ItZGVzc2FsaW5pc2F0ZXVyLVdhdGVybWFrZXItRU4tMS53ZWJwIn0%3D\">\n\t\t\t\t\t\t\t<img decoding=\"async\" src=\"https:\/\/www.dessalator.fr\/wp-content\/uploads\/2025\/02\/Freedom-D60-Dessalator-dessalinisateur-Watermaker-EN-1.webp\" class=\"attachment-full size-full wp-image-28517\" alt=\"\" \/>\t\t\t\t\t\t\t\t<\/a>\n\t\t\t\t\t\t\t\t\t\t\t\t\t\t\t<\/div>\n\t\t\t\t<\/div>\n\t\t\t\t<div class=\"elementor-element elementor-element-45a4344 elementor-widget elementor-widget-heading\" data-id=\"45a4344\" data-element_type=\"widget\" data-e-type=\"widget\" data-widget_type=\"heading.default\">\n\t\t\t\t<div class=\"elementor-widget-container\">\n\t\t\t\t\t<h2 class=\"elementor-heading-title elementor-size-default\">Installation diagram DC FREEDOM D100<\/h2>\t\t\t\t<\/div>\n\t\t\t\t<\/div>\n\t\t\t\t<div class=\"elementor-element elementor-element-6d726698 elementor-widget elementor-widget-image\" data-id=\"6d726698\" data-element_type=\"widget\" data-e-type=\"widget\" data-widget_type=\"image.default\">\n\t\t\t\t<div class=\"elementor-widget-container\">\n\t\t\t\t\t\t\t\t\t\t\t\t\t\t\t\t<a href=\"https:\/\/www.dessalator.fr\/wp-content\/uploads\/2025\/02\/Freedom-D100-Dessalator-dessalinisateur-Watermaker-EN-1.webp\" data-elementor-open-lightbox=\"yes\" data-elementor-lightbox-title=\"Freedom D100 Dessalator dessalinisateur Watermaker EN\" data-e-action-hash=\"#elementor-action%3Aaction%3Dlightbox%26settings%3DeyJpZCI6Mjg1MjAsInVybCI6Imh0dHBzOlwvXC93d3cuZGVzc2FsYXRvci5mclwvd3AtY29udGVudFwvdXBsb2Fkc1wvMjAyNVwvMDJcL0ZyZWVkb20tRDEwMC1EZXNzYWxhdG9yLWRlc3NhbGluaXNhdGV1ci1XYXRlcm1ha2VyLUVOLTEud2VicCJ9\">\n\t\t\t\t\t\t\t<img decoding=\"async\" src=\"https:\/\/www.dessalator.fr\/wp-content\/uploads\/2025\/02\/Freedom-D100-Dessalator-dessalinisateur-Watermaker-EN-1.webp\" class=\"attachment-full size-full wp-image-28520\" alt=\"\" \/>\t\t\t\t\t\t\t\t<\/a>\n\t\t\t\t\t\t\t\t\t\t\t\t\t\t\t<\/div>\n\t\t\t\t<\/div>\n\t\t\t\t<div class=\"elementor-element elementor-element-538d2bbe elementor-widget elementor-widget-image\" data-id=\"538d2bbe\" data-element_type=\"widget\" data-e-type=\"widget\" data-widget_type=\"image.default\">\n\t\t\t\t<div class=\"elementor-widget-container\">\n\t\t\t\t\t\t\t\t\t\t\t\t\t\t\t\t<a href=\"https:\/\/www.dessalator.fr\/wp-content\/uploads\/2025\/02\/Caracteristics-FREEDOM-DC-EN-scaled.webp\" data-elementor-open-lightbox=\"yes\" data-elementor-lightbox-title=\"Caracteristics FREEDOM DC EN\" data-e-action-hash=\"#elementor-action%3Aaction%3Dlightbox%26settings%3DeyJpZCI6Mjc3NDYsInVybCI6Imh0dHBzOlwvXC93d3cuZGVzc2FsYXRvci5mclwvd3AtY29udGVudFwvdXBsb2Fkc1wvMjAyNVwvMDJcL0NhcmFjdGVyaXN0aWNzLUZSRUVET00tREMtRU4tc2NhbGVkLndlYnAifQ%3D%3D\">\n\t\t\t\t\t\t\t<img loading=\"lazy\" decoding=\"async\" width=\"2560\" height=\"729\" src=\"https:\/\/www.dessalator.fr\/wp-content\/uploads\/2025\/02\/Caracteristics-FREEDOM-DC-EN-scaled.webp\" class=\"attachment-full size-full wp-image-27746\" alt=\"\" srcset=\"https:\/\/www.dessalator.fr\/wp-content\/uploads\/2025\/02\/Caracteristics-FREEDOM-DC-EN-scaled.webp 2560w, https:\/\/www.dessalator.fr\/wp-content\/uploads\/2025\/02\/Caracteristics-FREEDOM-DC-EN-300x85.webp 300w, https:\/\/www.dessalator.fr\/wp-content\/uploads\/2025\/02\/Caracteristics-FREEDOM-DC-EN-500x142.webp 500w, https:\/\/www.dessalator.fr\/wp-content\/uploads\/2025\/02\/Caracteristics-FREEDOM-DC-EN-768x219.webp 768w, https:\/\/www.dessalator.fr\/wp-content\/uploads\/2025\/02\/Caracteristics-FREEDOM-DC-EN-1536x437.webp 1536w, https:\/\/www.dessalator.fr\/wp-content\/uploads\/2025\/02\/Caracteristics-FREEDOM-DC-EN-2048x583.webp 2048w, https:\/\/www.dessalator.fr\/wp-content\/uploads\/2025\/02\/Caracteristics-FREEDOM-DC-EN-100x28.webp 100w, https:\/\/www.dessalator.fr\/wp-content\/uploads\/2025\/02\/Caracteristics-FREEDOM-DC-EN-1140x325.webp 1140w\" sizes=\"auto, (max-width: 2560px) 100vw, 2560px\" \/>\t\t\t\t\t\t\t\t<\/a>\n\t\t\t\t\t\t\t\t\t\t\t\t\t\t\t<\/div>\n\t\t\t\t<\/div>\n\t\t\t\t<div class=\"elementor-element elementor-element-5bf887a9 elementor-widget elementor-widget-text-editor\" data-id=\"5bf887a9\" data-element_type=\"widget\" data-e-type=\"widget\" data-widget_type=\"text-editor.default\">\n\t\t\t\t<div class=\"elementor-widget-container\">\n\t\t\t\t\t\t\t\t\t<p>\u00a0<\/p><p><strong>Instructions for use :<\/strong><\/p><p>&#8211;&gt; <strong><span style=\"color: #34b2b0;\"><a style=\"color: #34b2b0;\" href=\"https:\/\/www.dessalator.fr\/wp-content\/uploads\/2023\/03\/Mise-en-Service-FREEDOM-60100-v.4.9-EN.pdf\">DC FREEDOM D30, D60 &amp; D100 <\/a><\/span><\/strong><\/p><p><strong>Installation notice :<\/strong><\/p><p>&#8211;&gt; <strong><span style=\"color: #34b2b0;\"><a style=\"color: #34b2b0;\" href=\"https:\/\/www.dessalator.fr\/wp-content\/uploads\/2025\/06\/Freedom-D60-Notice-dinstallation-v3.0-EN-5.pdf\">DC FREEDOM D30 &amp; D60<\/a><\/span><\/strong><\/p><p>&#8211;&gt;<strong><span style=\"color: #34b2b0;\"><a style=\"color: #34b2b0;\" href=\"https:\/\/www.dessalator.fr\/wp-content\/uploads\/2025\/06\/Freedom-D100-Notice-dinstallation-v3.0-EN-3.pdf\">DC FREEDOM D100<\/a><\/span><\/strong><\/p>\t\t\t\t\t\t\t\t<\/div>\n\t\t\t\t<\/div>\n\t\t\t\t\t<\/div>\n\t\t\t\t<\/div>\n\t\t\t\t<\/div>\n\t\t","protected":false},"excerpt":{"rendered":"<p>DC FREEDOM&nbsp;12 ou 24 Volts Production d&#8217;eau douce jusqu&#8217;\u00e0 : 30, 60 ou 100 litres\/heure Version modulaire avec fa\u00e7ade de commande d\u00e9port\u00e9e. Pour bateaux \u00e0 moteur et voilier de 10 \u00e0 15 m\u00e8tres. C\u2019est le dessalinisateur ide\u0301al pour les bateaux dont la seule source d\u2019e\u0301nergie disponible vient de l\u2019alternateur entrai\u0302ne\u0301 par le moteur principal. C\u2019est aussi une solution ide\u0301ale pour &#8230; <\/p>\n<div><a href=\"https:\/\/www.dessalator.fr\/en\/products\/dc-freedom-watermakers\/\" class=\"more-link\">Read More<\/a><\/div>\n","protected":false},"author":1,"featured_media":0,"parent":24,"menu_order":0,"comment_status":"closed","ping_status":"closed","template":"","meta":{"_cbd_carousel_blocks":"[]","_EventAllDay":false,"_EventTimezone":"","_EventStartDate":"","_EventEndDate":"","_EventStartDateUTC":"","_EventEndDateUTC":"","_EventShowMap":false,"_EventShowMapLink":false,"_EventURL":"","_EventCost":"","_EventCostDescription":"","_EventCurrencySymbol":"","_EventCurrencyCode":"","_EventCurrencyPosition":"","_EventDateTimeSeparator":"","_EventTimeRangeSeparator":"","_EventOrganizerID":[],"_EventVenueID":[],"_OrganizerEmail":"","_OrganizerPhone":"","_OrganizerWebsite":"","_VenueAddress":"","_VenueCity":"","_VenueCountry":"","_VenueProvince":"","_VenueState":"","_VenueZip":"","_VenuePhone":"","_VenueURL":"","_VenueStateProvince":"","_VenueLat":"","_VenueLng":"","_VenueShowMap":false,"_VenueShowMapLink":false,"footnotes":""},"class_list":["post-1202","page","type-page","status-publish","hentry","no-post-thumbnail"],"_links":{"self":[{"href":"https:\/\/www.dessalator.fr\/en\/wp-json\/wp\/v2\/pages\/1202","targetHints":{"allow":["GET"]}}],"collection":[{"href":"https:\/\/www.dessalator.fr\/en\/wp-json\/wp\/v2\/pages"}],"about":[{"href":"https:\/\/www.dessalator.fr\/en\/wp-json\/wp\/v2\/types\/page"}],"author":[{"embeddable":true,"href":"https:\/\/www.dessalator.fr\/en\/wp-json\/wp\/v2\/users\/1"}],"replies":[{"embeddable":true,"href":"https:\/\/www.dessalator.fr\/en\/wp-json\/wp\/v2\/comments?post=1202"}],"version-history":[{"count":53,"href":"https:\/\/www.dessalator.fr\/en\/wp-json\/wp\/v2\/pages\/1202\/revisions"}],"predecessor-version":[{"id":31193,"href":"https:\/\/www.dessalator.fr\/en\/wp-json\/wp\/v2\/pages\/1202\/revisions\/31193"}],"up":[{"embeddable":true,"href":"https:\/\/www.dessalator.fr\/en\/wp-json\/wp\/v2\/pages\/24"}],"wp:attachment":[{"href":"https:\/\/www.dessalator.fr\/en\/wp-json\/wp\/v2\/media?parent=1202"}],"curies":[{"name":"wp","href":"https:\/\/api.w.org\/{rel}","templated":true}]}}